{"id":15,"date":"2021-01-23T13:41:06","date_gmt":"2021-01-23T16:41:06","guid":{"rendered":"http:\/\/seucreditorapido.online\/?page_id=15"},"modified":"2021-01-23T13:41:06","modified_gmt":"2021-01-23T16:41:06","slug":"sobre","status":"publish","type":"page","link":"https:\/\/alternativasdecredito.online\/index.php\/sobre\/","title":{"rendered":"Sobre"},"content":{"rendered":"\n<p>Seja bem vindo ao nosso site. Aqui voc\u00ea encontrar\u00e1 diversas possibilidades de ser aceito ao mercado de cr\u00e9dito CDC. Saiba como ampliar suas chances e tamb\u00e9m de como voltar a ter cr\u00e9dito de uma forma simples e f\u00e1cil.<\/p>\n\n\n\n<p>Navegue a vontade em nosso site!<\/p>\n","protected":false},"excerpt":{"rendered":"<p>Seja bem vindo ao nosso site. Aqui voc\u00ea encontrar\u00e1 diversas possibilidades de ser aceito ao mercado de cr\u00e9dito CDC. Saiba como ampliar suas chances e tamb\u00e9m de como voltar a ter cr\u00e9dito de uma forma simples e f\u00e1cil. Navegue a vontade em nosso site!<\/p>\n","protected":false},"author":1,"featured_media":0,"parent":0,"menu_order":0,"comment_status":"closed","ping_status":"closed","template":"","meta":[],"blog_post_layout_featured_media_urls":{"thumbnail":"","full":""},"categories_names":null,"comments_number":"0","wpmagazine_modules_lite_featured_media_urls":{"thumbnail":"","cvmm-medium":"","cvmm-medium-plus":"","cvmm-portrait":"","cvmm-medium-square":"","cvmm-large":"","cvmm-small":"","full":""},"_links":{"self":[{"href":"https:\/\/alternativasdecredito.online\/index.php\/wp-json\/wp\/v2\/pages\/15"}],"collection":[{"href":"https:\/\/alternativasdecredito.online\/index.php\/wp-json\/wp\/v2\/pages"}],"about":[{"href":"https:\/\/alternativasdecredito.online\/index.php\/wp-json\/wp\/v2\/types\/page"}],"author":[{"embeddable":true,"href":"https:\/\/alternativasdecredito.online\/index.php\/wp-json\/wp\/v2\/users\/1"}],"replies":[{"embeddable":true,"href":"https:\/\/alternativasdecredito.online\/index.php\/wp-json\/wp\/v2\/comments?post=15"}],"version-history":[{"count":0,"href":"https:\/\/alternativasdecredito.online\/index.php\/wp-json\/wp\/v2\/pages\/15\/revisions"}],"wp:attachment":[{"href":"https:\/\/alternativasdecredito.online\/index.php\/wp-json\/wp\/v2\/media?parent=15"}],"curies":[{"name":"wp","href":"https:\/\/api.w.org\/{rel}","templated":true}]}}